{"id":992,"date":"2025-01-31T15:25:17","date_gmt":"2025-01-31T15:25:17","guid":{"rendered":"https:\/\/alphabau-ing.de\/?page_id=992"},"modified":"2025-05-05T11:24:58","modified_gmt":"2025-05-05T11:24:58","slug":"bauausfuehrung","status":"publish","type":"page","link":"https:\/\/alphabau-ing.de\/en\/bauausfuehrung\/","title":{"rendered":"Construction Execution"},"content":{"rendered":"<div data-elementor-type=\"wp-page\" data-elementor-id=\"992\" class=\"elementor elementor-992\">\n\t\t\t\t<div class=\"elementor-element elementor-element-88f64f9 e-flex e-con-boxed e-con e-parent\" data-id=\"88f64f9\" data-element_type=\"container\" data-e-type=\"container\">\n\t\t\t\t\t<div class=\"e-con-inner\">\n\t\t\t\t<div class=\"elementor-element elementor-element-6f455f4 elementor-widget elementor-widget-html\" data-id=\"6f455f4\" data-element_type=\"widget\" data-e-type=\"widget\" data-widget_type=\"html.default\">\n\t\t\t\t<div class=\"elementor-widget-container\">\n\t\t\t\t\t<style>\n.child-pages-container {\n    display: flex;\n    flex-direction: column;\n    gap: 40px;\n}\n\n.child-page-item {\n    display: flex;\n    align-items: center;\n    gap: 20px;\n    background: #f9f9f9;\n    padding: 20px;\n    border-radius: 12px;\n    box-shadow: 0 4px 10px rgba(0, 0, 0, 0.1);\n}\n\n.child-page-image {\n    flex: 1;\n}\n\n.child-page-image img {\n    width: 100%;\n    height: auto;\n    border-radius: 12px;\n    box-shadow: 0px 0px 70px -29px var(--theme-palette-color-2);;\n}\n\n.child-page-content {\n    flex: 1;\n    text-align: center;\n}\n\n.child-page-content h2 {\n    font-size: 36px;\n    margin-bottom: 10px;\n}\n\n.child-page-content p {\n    font-size: var(--theme-font-size);;\n    color: #555;\n}\n\n.child-page-meta {\n    display: none !important;\n    font-size: 14px;\n    color: #777;\n    margin-top: 10px;\n    display: block;\n}\n\n<\/style>\t\t\t\t<\/div>\n\t\t\t\t<\/div>\n\t\t\t\t<div class=\"elementor-element elementor-element-5d57c97 elementor-widget elementor-widget-shortcode\" data-id=\"5d57c97\" data-element_type=\"widget\" data-e-type=\"widget\" data-widget_type=\"shortcode.default\">\n\t\t\t\t<div class=\"elementor-widget-container\">\n\t\t\t\t\t\t\t<div class=\"elementor-shortcode\"><div class=\"child-pages-container\"><div class=\"child-page-item\">\r\n                        <div class=\"child-page-image\">\r\n                            <a href=\"https:\/\/alphabau-ing.de\/en\/bauausfuehrung\/bauueberwachung\/\"><img decoding=\"async\" src=\"https:\/\/alphabau-ing.de\/wp-content\/uploads\/2025\/02\/Bauueberwachung-Pic-1-817x1024.jpg\" alt=\"Bau\u00fcberwachung\"><\/a>\r\n                        <\/div>\r\n                        <div class=\"child-page-content\">\r\n                            <h2><a href=\"https:\/\/alphabau-ing.de\/en\/bauausfuehrung\/bauueberwachung\/\">Site Monitoring<\/a><\/h2>\r\n                            <p>Bau\u00fcberwachung f\u00fcr h\u00f6chste Qualit\u00e4t & Sicherheit! Wir kontrollieren Bauausf\u00fchrung, Kosten & Termine \u2013 normgerecht, effizient & zuverl\u00e4ssig. Jetzt professionelle Baukontrolle...<\/p>\r\n                            <span class=\"child-page-meta\">ALPHABAU TEAM \/ February 13, 2025<\/span>\r\n                        <\/div>\r\n                    <\/div><div class=\"child-page-item\">\r\n                        <div class=\"child-page-image\">\r\n                            <a href=\"https:\/\/alphabau-ing.de\/en\/bauausfuehrung\/bauleitung\/\"><img decoding=\"async\" src=\"https:\/\/alphabau-ing.de\/wp-content\/uploads\/2025\/02\/pexels-thirdman-8470035-1024x683.jpg\" alt=\"Bauleitung\"><\/a>\r\n                        <\/div>\r\n                        <div class=\"child-page-content\">\r\n                            <h2><a href=\"https:\/\/alphabau-ing.de\/en\/bauausfuehrung\/bauleitung\/\">Construction Management<\/a><\/h2>\r\n                            <p>Bauleitung f\u00fcr eine reibungslose Umsetzung! Wir steuern & \u00fcberwachen Ihr Bauprojekt \u2013 termingerecht, kostenoptimiert & qualit\u00e4tsgesichert. Effiziente Koordination aller Gewerke....<\/p>\r\n                            <span class=\"child-page-meta\">ALPHABAU TEAM \/ January 31, 2025<\/span>\r\n                        <\/div>\r\n                    <\/div><div class=\"child-page-item\">\r\n                        <div class=\"child-page-image\">\r\n                            <a href=\"https:\/\/alphabau-ing.de\/en\/bauausfuehrung\/bauausfuehrung\/\"><img decoding=\"async\" src=\"https:\/\/alphabau-ing.de\/wp-content\/uploads\/2025\/02\/pexels-ono-kosuki-5974235-1024x683.jpg\" alt=\"Bauausf\u00fchrung\"><\/a>\r\n                        <\/div>\r\n                        <div class=\"child-page-content\">\r\n                            <h2><a href=\"https:\/\/alphabau-ing.de\/en\/bauausfuehrung\/bauausfuehrung\/\">Construction Execution<\/a><\/h2>\r\n                            <p>Professionelle Bauausf\u00fchrung f\u00fcr Ihr Projekt! Wir koordinieren & steuern alle Bauprozesse \u2013 pr\u00e4zise, effizient & termingerecht. H\u00f6chste Qualit\u00e4t & Sicherheit...<\/p>\r\n                            <span class=\"child-page-meta\">ALPHABAU TEAM \/ January 31, 2025<\/span>\r\n                        <\/div>\r\n                    <\/div><div class=\"child-page-item\">\r\n                        <div class=\"child-page-image\">\r\n                            <a href=\"https:\/\/alphabau-ing.de\/en\/bauausfuehrung\/baubetreuung\/\"><img decoding=\"async\" src=\"https:\/\/alphabau-ing.de\/wp-content\/uploads\/2025\/02\/pexels-pavel-danilyuk-7937315-1024x684.jpg\" alt=\"Baubetreuung\"><\/a>\r\n                        <\/div>\r\n                        <div class=\"child-page-content\">\r\n                            <h2><a href=\"https:\/\/alphabau-ing.de\/en\/bauausfuehrung\/baubetreuung\/\">Construction Supervision<\/a><\/h2>\r\n                            <p>Baubetreuung f\u00fcr Ihr Projekt \u2013 von Planung bis Fertigstellung! Wir koordinieren, \u00fcberwachen & optimieren Bauabl\u00e4ufe f\u00fcr h\u00f6chste Qualit\u00e4t, Sicherheit &...<\/p>\r\n                            <span class=\"child-page-meta\">ALPHABAU TEAM \/ January 31, 2025<\/span>\r\n                        <\/div>\r\n                    <\/div><\/div><\/div>\n\t\t\t\t\t\t<\/div>\n\t\t\t\t<\/div>\n\t\t\t\t\t<\/div>\n\t\t\t\t<\/div>\n\t\t\t\t<\/div>","protected":false},"excerpt":{"rendered":"<p>Bauausf\u00fchrung mit h\u00f6chster Qualit\u00e4t und Effizienz! Wir bieten professionelle Bau\u00fcberwachung, Bauleitung und Baubetreuung \u2013 termingerecht, kostenoptimiert und normgerecht. Jetzt unverbindlich beraten lassen!<\/p>","protected":false},"author":1,"featured_media":0,"parent":0,"menu_order":0,"comment_status":"closed","ping_status":"closed","template":"","meta":{"footnotes":""},"class_list":["post-992","page","type-page","status-publish","hentry"],"blocksy_meta":[],"_links":{"self":[{"href":"https:\/\/alphabau-ing.de\/en\/wp-json\/wp\/v2\/pages\/992","targetHints":{"allow":["GET"]}}],"collection":[{"href":"https:\/\/alphabau-ing.de\/en\/wp-json\/wp\/v2\/pages"}],"about":[{"href":"https:\/\/alphabau-ing.de\/en\/wp-json\/wp\/v2\/types\/page"}],"author":[{"embeddable":true,"href":"https:\/\/alphabau-ing.de\/en\/wp-json\/wp\/v2\/users\/1"}],"replies":[{"embeddable":true,"href":"https:\/\/alphabau-ing.de\/en\/wp-json\/wp\/v2\/comments?post=992"}],"version-history":[{"count":5,"href":"https:\/\/alphabau-ing.de\/en\/wp-json\/wp\/v2\/pages\/992\/revisions"}],"predecessor-version":[{"id":3358,"href":"https:\/\/alphabau-ing.de\/en\/wp-json\/wp\/v2\/pages\/992\/revisions\/3358"}],"wp:attachment":[{"href":"https:\/\/alphabau-ing.de\/en\/wp-json\/wp\/v2\/media?parent=992"}],"curies":[{"name":"wp","href":"https:\/\/api.w.org\/{rel}","templated":true}]}}