{"id":906,"date":"2025-01-31T09:25:12","date_gmt":"2025-01-31T09:25:12","guid":{"rendered":"https:\/\/alphabau-ing.de\/?page_id=906"},"modified":"2025-02-27T11:05:32","modified_gmt":"2025-02-27T11:05:32","slug":"leistungen","status":"publish","type":"page","link":"https:\/\/alphabau-ing.de\/en\/leistungen\/","title":{"rendered":"Servises"},"content":{"rendered":"<div data-elementor-type=\"wp-page\" data-elementor-id=\"906\" class=\"elementor elementor-906\">\n\t\t\t\t<div class=\"elementor-element elementor-element-10da1baf e-flex e-con-boxed e-con e-parent\" data-id=\"10da1baf\" data-element_type=\"container\" data-e-type=\"container\">\n\t\t\t\t\t<div class=\"e-con-inner\">\n\t\t\t\t<div class=\"elementor-element elementor-element-7be6d79 elementor-widget elementor-widget-html\" data-id=\"7be6d79\" data-element_type=\"widget\" data-e-type=\"widget\" data-widget_type=\"html.default\">\n\t\t\t\t<div class=\"elementor-widget-container\">\n\t\t\t\t\t<style>\n.child-pages-container {\n    display: flex;\n    flex-direction: column;\n    gap: 40px;\n}\n\n.child-page-item {\n    display: flex;\n    align-items: center;\n    gap: 20px;\n    background: #f9f9f9;\n    padding: 20px;\n    border-radius: 12px;\n    box-shadow: 0 4px 10px rgba(0, 0, 0, 0.1);\n}\n\n.child-page-image {\n    flex: 1;\n}\n\n.child-page-image img {\n    width: 100%;\n    height: auto;\n    border-radius: 12px;\n    box-shadow: 0px 0px 70px -29px var(--theme-palette-color-2);;\n}\n\n.child-page-content {\n    flex: 1;\n    text-align: center;\n}\n\n.child-page-content h2 {\n    font-size: 36px;\n    margin-bottom: 10px;\n}\n\n.child-page-content p {\n    font-size: var(--theme-font-size);;\n    color: #555;\n}\n\n.child-page-meta {\n    display: none !important;\n    font-size: 14px;\n    color: #777;\n    margin-top: 10px;\n    display: block;\n}\n\n<\/style>\t\t\t\t<\/div>\n\t\t\t\t<\/div>\n\t\t\t\t<div class=\"elementor-element elementor-element-e16cade elementor-widget elementor-widget-shortcode\" data-id=\"e16cade\" data-element_type=\"widget\" data-e-type=\"widget\" data-widget_type=\"shortcode.default\">\n\t\t\t\t<div class=\"elementor-widget-container\">\n\t\t\t\t\t\t\t<div class=\"elementor-shortcode\"><div class=\"child-pages-container\"><div class=\"child-page-item\">\r\n                        <div class=\"child-page-image\">\r\n                            <a href=\"https:\/\/alphabau-ing.de\/en\/leistungen\/baugrundgutachten\/\"><img decoding=\"async\" src=\"https:\/\/alphabau-ing.de\/wp-content\/uploads\/2025\/02\/Baugrundgutachten-Seite_-Bild-1-683x1024.jpg\" alt=\"Baugrundgutachten\"><\/a>\r\n                        <\/div>\r\n                        <div class=\"child-page-content\">\r\n                            <h2><a href=\"https:\/\/alphabau-ing.de\/en\/leistungen\/baugrundgutachten\/\">Geotechnical Survey<\/a><\/h2>\r\n                            <p>Baugrundgutachten Sicher bauen auf stabilem Boden! kostenlose Anfrage erstellen Was ist ein Baugrundgutachten? Im Rahmen des Bodengutachtens wird eine geotechnische...<\/p>\r\n                            <span class=\"child-page-meta\">ALPHABAU TEAM \/ January 31, 2025<\/span>\r\n                        <\/div>\r\n                    <\/div><div class=\"child-page-item\">\r\n                        <div class=\"child-page-image\">\r\n                            <a href=\"https:\/\/alphabau-ing.de\/en\/leistungen\/energieberatung\/\"><img decoding=\"async\" src=\"https:\/\/alphabau-ing.de\/wp-content\/uploads\/2025\/02\/Energiebeartung-Seite_-Bild-1-1024x795.png\" alt=\"Energieberatung\"><\/a>\r\n                        <\/div>\r\n                        <div class=\"child-page-content\">\r\n                            <h2><a href=\"https:\/\/alphabau-ing.de\/en\/leistungen\/energieberatung\/\">Energy Consulting<\/a><\/h2>\r\n                            <p>Energieberatung f\u00fcr maximale Effizienz! Wir analysieren, optimieren und planen nachhaltige Energiekonzepte f\u00fcr Neubauten & Bestandsgeb\u00e4ude \u2013 inkl. Sanierungspl\u00e4nen und F\u00f6rderm\u00f6glichkeiten....<\/p>\r\n                            <span class=\"child-page-meta\">ALPHABAU TEAM \/ January 31, 2025<\/span>\r\n                        <\/div>\r\n                    <\/div><div class=\"child-page-item\">\r\n                        <div class=\"child-page-image\">\r\n                            <a href=\"https:\/\/alphabau-ing.de\/en\/leistungen\/brandschutznachweis\/\"><img decoding=\"async\" src=\"https:\/\/alphabau-ing.de\/wp-content\/uploads\/2025\/02\/pexels-duncanoluwaseun-189474-1-1024x683.jpg\" alt=\"Brandschutznachweis\"><\/a>\r\n                        <\/div>\r\n                        <div class=\"child-page-content\">\r\n                            <h2><a href=\"https:\/\/alphabau-ing.de\/en\/leistungen\/brandschutznachweis\/\">Fire Protection Certification<\/a><\/h2>\r\n                            <p>Brandschutznachweis f\u00fcr maximale Sicherheit! Wir erstellen zertifizierte Nachweise & Konzepte gem\u00e4\u00df DIN & Bauvorschriften \u2013 inkl. Feuerwiderstand, Fluchtwege & Brandschutzma\u00dfnahmen....<\/p>\r\n                            <span class=\"child-page-meta\">ALPHABAU TEAM \/ January 31, 2025<\/span>\r\n                        <\/div>\r\n                    <\/div><div class=\"child-page-item\">\r\n                        <div class=\"child-page-image\">\r\n                            <a href=\"https:\/\/alphabau-ing.de\/en\/leistungen\/waermeschutznachweis\/\"><img decoding=\"async\" src=\"https:\/\/alphabau-ing.de\/wp-content\/uploads\/2025\/02\/waermeschutznachweis-Pic-1-1024x585.jpg\" alt=\"W\u00e4rmeschutznachweis\"><\/a>\r\n                        <\/div>\r\n                        <div class=\"child-page-content\">\r\n                            <h2><a href=\"https:\/\/alphabau-ing.de\/en\/leistungen\/waermeschutznachweis\/\">Thermal Insulation Certification<\/a><\/h2>\r\n                            <p>W\u00e4rmeschutznachweis nach GEG! Wir berechnen & optimieren die Energieeffizienz Ihres Geb\u00e4udes \u2013 inklusive D\u00e4mmkonzepten, W\u00e4rmebr\u00fcckenminimierung & nachhaltiger Planung. Jetzt beraten...<\/p>\r\n                            <span class=\"child-page-meta\">ALPHABAU TEAM \/ January 31, 2025<\/span>\r\n                        <\/div>\r\n                    <\/div><div class=\"child-page-item\">\r\n                        <div class=\"child-page-image\">\r\n                            <a href=\"https:\/\/alphabau-ing.de\/en\/leistungen\/schallschutznachweise\/\"><img decoding=\"async\" src=\"https:\/\/alphabau-ing.de\/wp-content\/uploads\/2025\/02\/Schallschutznachweise-Seite_-Bild-1-1024x683.jpg\" alt=\"Schallschutznachweise\"><\/a>\r\n                        <\/div>\r\n                        <div class=\"child-page-content\">\r\n                            <h2><a href=\"https:\/\/alphabau-ing.de\/en\/leistungen\/schallschutznachweise\/\">Soundproofing Certification<\/a><\/h2>\r\n                            <p>Schallschutznachweis f\u00fcr optimalen L\u00e4rmschutz! Wir berechnen & optimieren die Schalld\u00e4mmung f\u00fcr W\u00e4nde, Decken & Fassaden \u2013 normgerecht & effizient. Jetzt...<\/p>\r\n                            <span class=\"child-page-meta\">ALPHABAU TEAM \/ January 31, 2025<\/span>\r\n                        <\/div>\r\n                    <\/div><div class=\"child-page-item\">\r\n                        <div class=\"child-page-image\">\r\n                            <a href=\"https:\/\/alphabau-ing.de\/en\/leistungen\/schal-und-bewehrungsplan\/\"><img decoding=\"async\" src=\"https:\/\/alphabau-ing.de\/wp-content\/uploads\/2025\/02\/Schal-Bewehrungsplan-Pic-1-ORG.png\" alt=\"Schal- und Bewehrungsplan\"><\/a>\r\n                        <\/div>\r\n                        <div class=\"child-page-content\">\r\n                            <h2><a href=\"https:\/\/alphabau-ing.de\/en\/leistungen\/schal-und-bewehrungsplan\/\">Formwork and Reinforcement Plans<\/a><\/h2>\r\n                            <p>Schal- & Bewehrungspl\u00e4ne f\u00fcr langlebige Betonbauwerke! Wir erstellen Schal- und Bewehrungspl\u00e4ne f\u00fcr , Stabilit\u00e4t & normgerechte Umsetzung. Jetzt professionelle Planung...<\/p>\r\n                            <span class=\"child-page-meta\">ALPHABAU TEAM \/ January 31, 2025<\/span>\r\n                        <\/div>\r\n                    <\/div><div class=\"child-page-item\">\r\n                        <div class=\"child-page-image\">\r\n                            <a href=\"https:\/\/alphabau-ing.de\/en\/leistungen\/ausfuehrungsplanung\/\"><img decoding=\"async\" src=\"https:\/\/alphabau-ing.de\/wp-content\/uploads\/2025\/02\/pexels-john-guccione-www-advergroup-com-1874301-4134179-1024x683.jpg\" alt=\"Ausf\u00fchrungsplanung\"><\/a>\r\n                        <\/div>\r\n                        <div class=\"child-page-content\">\r\n                            <h2><a href=\"https:\/\/alphabau-ing.de\/en\/leistungen\/ausfuehrungsplanung\/\">Execution Planning<\/a><\/h2>\r\n                            <p>Pr\u00e4zise Ausf\u00fchrungsplanung f\u00fcr Ihr Bauprojekt! Detaillierte Pl\u00e4ne, technische Koordination & normgerechte Umsetzung f\u00fcr eine reibungslose Bauausf\u00fchrung. Effizient, sicher & professionell....<\/p>\r\n                            <span class=\"child-page-meta\">ALPHABAU TEAM \/ January 31, 2025<\/span>\r\n                        <\/div>\r\n                    <\/div><div class=\"child-page-item\">\r\n                        <div class=\"child-page-image\">\r\n                            <a href=\"https:\/\/alphabau-ing.de\/en\/leistungen\/statik\/\"><img decoding=\"async\" src=\"https:\/\/alphabau-ing.de\/wp-content\/uploads\/2025\/02\/Statik-Pic-1-ORG.png\" alt=\"Statik\"><\/a>\r\n                        <\/div>\r\n                        <div class=\"child-page-content\">\r\n                            <h2><a href=\"https:\/\/alphabau-ing.de\/en\/leistungen\/statik\/\">Structural Engineering<\/a><\/h2>\r\n                            <p>Statik und Tragwerksplanung f\u00fcr sichere Bauwerke! Wir berechnen Standsicherheit, Tragf\u00e4higkeit & Erdbebensicherheit \u2013 pr\u00e4zise, normgerecht & nachhaltig. Experten f\u00fcr Massiv-,...<\/p>\r\n                            <span class=\"child-page-meta\">ALPHABAU TEAM \/ January 31, 2025<\/span>\r\n                        <\/div>\r\n                    <\/div><div class=\"child-page-item\">\r\n                        <div class=\"child-page-image\">\r\n                            <a href=\"https:\/\/alphabau-ing.de\/en\/leistungen\/3d-grundrisse-erstellen-ingolstadt\/\"><img decoding=\"async\" src=\"https:\/\/alphabau-ing.de\/wp-content\/uploads\/2025\/02\/Ueber-uns-Bild-2-1024x658.jpg\" alt=\"3D-Visualisierung\"><\/a>\r\n                        <\/div>\r\n                        <div class=\"child-page-content\">\r\n                            <h2><a href=\"https:\/\/alphabau-ing.de\/en\/leistungen\/3d-grundrisse-erstellen-ingolstadt\/\">3D-Visualisierung<\/a><\/h2>\r\n                            <p>Realistische 3D-Visualisierungen mit 3ds Max! Wir erstellen detailgetreue 3D-Modelle f\u00fcr Architektur & Innenr\u00e4ume \u2013 fotorealistisch, pr\u00e4zise & professionell. Perfekt f\u00fcr...<\/p>\r\n                            <span class=\"child-page-meta\">ALPHABAU TEAM \/ January 31, 2025<\/span>\r\n                        <\/div>\r\n                    <\/div><div class=\"child-page-item\">\r\n                        <div class=\"child-page-image\">\r\n                            <a href=\"https:\/\/alphabau-ing.de\/en\/leistungen\/genehmigungsplanung\/\"><img decoding=\"async\" src=\"https:\/\/alphabau-ing.de\/wp-content\/uploads\/2025\/02\/pexels-ivan-samkov-4458205-1024x683.jpg\" alt=\"Genehmigungsplanung\"><\/a>\r\n                        <\/div>\r\n                        <div class=\"child-page-content\">\r\n                            <h2><a href=\"https:\/\/alphabau-ing.de\/en\/leistungen\/genehmigungsplanung\/\">Permit Planning<\/a><\/h2>\r\n                            <p>Genehmigungsplanung f\u00fcr Ihr Bauvorhaben! Wir erstellen Bauantr\u00e4ge, koordinieren mit Beh\u00f6rden & sorgen f\u00fcr eine schnelle, rechtskonforme Baugenehmigung. Effizient, zuverl\u00e4ssig &...<\/p>\r\n                            <span class=\"child-page-meta\">ALPHABAU TEAM \/ January 31, 2025<\/span>\r\n                        <\/div>\r\n                    <\/div><div class=\"child-page-item\">\r\n                        <div class=\"child-page-image\">\r\n                            <a href=\"https:\/\/alphabau-ing.de\/en\/leistungen\/machbarkeitsstudie\/\"><img decoding=\"async\" src=\"https:\/\/alphabau-ing.de\/wp-content\/uploads\/2025\/02\/pexels-thirdman-7653583-1024x683.jpg\" alt=\"Machbarkeitsstudie\"><\/a>\r\n                        <\/div>\r\n                        <div class=\"child-page-content\">\r\n                            <h2><a href=\"https:\/\/alphabau-ing.de\/en\/leistungen\/machbarkeitsstudie\/\">Feasibility Study<\/a><\/h2>\r\n                            <p>Machbarkeitsstudie f\u00fcr Ihr Bauprojekt! Wir analysieren technische, wirtschaftliche & rechtliche Faktoren, identifizieren Risiken & entwickeln optimale L\u00f6sungen. Sicher, nachhaltig &...<\/p>\r\n                            <span class=\"child-page-meta\">ALPHABAU TEAM \/ January 31, 2025<\/span>\r\n                        <\/div>\r\n                    <\/div><div class=\"child-page-item\">\r\n                        <div class=\"child-page-image\">\r\n                            <a href=\"https:\/\/alphabau-ing.de\/en\/leistungen\/architekturleistungen\/\"><img decoding=\"async\" src=\"https:\/\/alphabau-ing.de\/wp-content\/uploads\/2025\/02\/pexels-tima-miroshnichenko-6614837-1024x683.jpg\" alt=\"Architekturleistungen\"><\/a>\r\n                        <\/div>\r\n                        <div class=\"child-page-content\">\r\n                            <h2><a href=\"https:\/\/alphabau-ing.de\/en\/leistungen\/architekturleistungen\/\">Architectural Services<\/a><\/h2>\r\n                            <p>Architekturleistungen f\u00fcr Ihr Bauprojekt! Von Entwurf bis Bauleitung \u2013 wir planen funktional, nachhaltig & \u00e4sthetisch. Individuelle Konzepte f\u00fcr Wohn-, Gewerbe-...<\/p>\r\n                            <span class=\"child-page-meta\">ALPHABAU TEAM \/ January 31, 2025<\/span>\r\n                        <\/div>\r\n                    <\/div><\/div><\/div>\n\t\t\t\t\t\t<\/div>\n\t\t\t\t<\/div>\n\t\t\t\t\t<\/div>\n\t\t\t\t<\/div>\n\t\t\t\t<\/div>","protected":false},"excerpt":{"rendered":"<p>Unsere Expertenleistungen f\u00fcr Ihr Bauprojekt! Von Tragwerksplanung, Bodengutachten und  Architektur bis 3D-Visualisierung, Energieberatung &#038; Genehmigungsplanung \u2013 pr\u00e4zise, nachhaltig &#038; effizient. Jetzt informieren!<\/p>","protected":false},"author":1,"featured_media":0,"parent":0,"menu_order":0,"comment_status":"closed","ping_status":"closed","template":"","meta":{"footnotes":""},"class_list":["post-906","page","type-page","status-publish","hentry"],"blocksy_meta":[],"_links":{"self":[{"href":"https:\/\/alphabau-ing.de\/en\/wp-json\/wp\/v2\/pages\/906","targetHints":{"allow":["GET"]}}],"collection":[{"href":"https:\/\/alphabau-ing.de\/en\/wp-json\/wp\/v2\/pages"}],"about":[{"href":"https:\/\/alphabau-ing.de\/en\/wp-json\/wp\/v2\/types\/page"}],"author":[{"embeddable":true,"href":"https:\/\/alphabau-ing.de\/en\/wp-json\/wp\/v2\/users\/1"}],"replies":[{"embeddable":true,"href":"https:\/\/alphabau-ing.de\/en\/wp-json\/wp\/v2\/comments?post=906"}],"version-history":[{"count":11,"href":"https:\/\/alphabau-ing.de\/en\/wp-json\/wp\/v2\/pages\/906\/revisions"}],"predecessor-version":[{"id":3360,"href":"https:\/\/alphabau-ing.de\/en\/wp-json\/wp\/v2\/pages\/906\/revisions\/3360"}],"wp:attachment":[{"href":"https:\/\/alphabau-ing.de\/en\/wp-json\/wp\/v2\/media?parent=906"}],"curies":[{"name":"wp","href":"https:\/\/api.w.org\/{rel}","templated":true}]}}