{"id":718,"date":"2025-01-30T19:22:43","date_gmt":"2025-01-30T19:22:43","guid":{"rendered":"https:\/\/alphabau-ing.de\/?page_id=718"},"modified":"2025-02-27T11:04:14","modified_gmt":"2025-02-27T11:04:14","slug":"bauvorhaben","status":"publish","type":"page","link":"https:\/\/alphabau-ing.de\/en\/bauvorhaben\/","title":{"rendered":"Construction project"},"content":{"rendered":"<div data-elementor-type=\"wp-page\" data-elementor-id=\"718\" class=\"elementor elementor-718\">\n\t\t\t\t<div class=\"elementor-element elementor-element-21e62c6 e-flex e-con-boxed e-con e-parent\" data-id=\"21e62c6\" data-element_type=\"container\" data-e-type=\"container\">\n\t\t\t\t\t<div class=\"e-con-inner\">\n\t\t\t\t<div class=\"elementor-element elementor-element-2ab8813 elementor-widget elementor-widget-html\" data-id=\"2ab8813\" data-element_type=\"widget\" data-e-type=\"widget\" data-widget_type=\"html.default\">\n\t\t\t\t<div class=\"elementor-widget-container\">\n\t\t\t\t\t<style>\n.child-pages-container {\n    display: flex;\n    flex-direction: column;\n    gap: 40px;\n}\n\n.child-page-item {\n    display: flex;\n    align-items: center;\n    gap: 20px;\n    background: #f9f9f9;\n    padding: 20px;\n    border-radius: 12px;\n    box-shadow: 0 4px 10px rgba(0, 0, 0, 0.1);\n}\n\n.child-page-image {\n    flex: 1;\n}\n\n.child-page-image img {\n    width: 100%;\n    height: auto;\n    border-radius: 12px;\n    box-shadow: 0px 0px 70px -29px var(--theme-palette-color-2);;\n}\n\n.child-page-content {\n    flex: 1;\n    text-align: center;\n}\n\n.child-page-content h2 {\n    font-size: 36px;\n    margin-bottom: 10px;\n}\n\n.child-page-content p {\n    font-size: var(--theme-font-size);;\n    color: #555;\n}\n\n.child-page-meta {\n    display: none !important;\n    font-size: 14px;\n    color: #777;\n    margin-top: 10px;\n    display: block;\n}\n\n<\/style>\t\t\t\t<\/div>\n\t\t\t\t<\/div>\n\t\t\t\t<div class=\"elementor-element elementor-element-ac6f034 elementor-widget elementor-widget-shortcode\" data-id=\"ac6f034\" data-element_type=\"widget\" data-e-type=\"widget\" data-widget_type=\"shortcode.default\">\n\t\t\t\t<div class=\"elementor-widget-container\">\n\t\t\t\t\t\t\t<div class=\"elementor-shortcode\"><div class=\"child-pages-container\"><div class=\"child-page-item\">\r\n                        <div class=\"child-page-image\">\r\n                            <a href=\"https:\/\/alphabau-ing.de\/en\/bauvorhaben\/umbau\/\"><img decoding=\"async\" src=\"https:\/\/alphabau-ing.de\/wp-content\/uploads\/2025\/02\/pexels-thirdman-8482646-1-1024x683.jpg\" alt=\"Umbau\"><\/a>\r\n                        <\/div>\r\n                        <div class=\"child-page-content\">\r\n                            <h2><a href=\"https:\/\/alphabau-ing.de\/en\/bauvorhaben\/umbau\/\">Remodeling<\/a><\/h2>\r\n                            <p>Ihr Umbau \u2013 pr\u00e4zise geplant & professionell umgesetzt! Von Grundrissanpassungen bis zur Tragwerksverst\u00e4rkung: Wir modernisieren & optimieren Ihr Geb\u00e4ude nachhaltig...<\/p>\r\n                            <span class=\"child-page-meta\">ALPHABAU TEAM \/ February 13, 2025<\/span>\r\n                        <\/div>\r\n                    <\/div><div class=\"child-page-item\">\r\n                        <div class=\"child-page-image\">\r\n                            <a href=\"https:\/\/alphabau-ing.de\/en\/bauvorhaben\/exklusive-sonderleistungen\/\"><img decoding=\"async\" src=\"https:\/\/alphabau-ing.de\/wp-content\/uploads\/2025\/01\/kitchen-4043098_1920_Comp-1024x708.jpg\" alt=\"Exklusive Sonderleistungen\"><\/a>\r\n                        <\/div>\r\n                        <div class=\"child-page-content\">\r\n                            <h2><a href=\"https:\/\/alphabau-ing.de\/en\/bauvorhaben\/exklusive-sonderleistungen\/\">Exclusive Special Services<\/a><\/h2>\r\n                            <p>Exklusive Sonderleistungen f\u00fcr Ihr Bauprojekt! Ma\u00dfgeschneiderte L\u00f6sungen, kreative Konzepte & technische Beratung \u2013 individuell, innovativ & professionell umgesetzt. Jetzt unverbindlich...<\/p>\r\n                            <span class=\"child-page-meta\">ALPHABAU TEAM \/ January 31, 2025<\/span>\r\n                        <\/div>\r\n                    <\/div><div class=\"child-page-item\">\r\n                        <div class=\"child-page-image\">\r\n                            <a href=\"https:\/\/alphabau-ing.de\/en\/bauvorhaben\/innenarchitektur-interiordesign\/\"><img decoding=\"async\" src=\"https:\/\/alphabau-ing.de\/wp-content\/uploads\/2025\/02\/pexels-fotoaibe-1571460-1024x658.jpg\" alt=\"Innenarchitektur &amp; Interiordesign\"><\/a>\r\n                        <\/div>\r\n                        <div class=\"child-page-content\">\r\n                            <h2><a href=\"https:\/\/alphabau-ing.de\/en\/bauvorhaben\/innenarchitektur-interiordesign\/\">Interior Architecture &amp; Interior Design<\/a><\/h2>\r\n                            <p>Innenarchitektur & Interiordesign nach Ma\u00df! Wir gestalten funktionale & \u00e4sthetische R\u00e4ume mit individuellen Konzepten, Lichtdesign & Materialberatung. Perfekt abgestimmt auf...<\/p>\r\n                            <span class=\"child-page-meta\">ALPHABAU TEAM \/ January 30, 2025<\/span>\r\n                        <\/div>\r\n                    <\/div><div class=\"child-page-item\">\r\n                        <div class=\"child-page-image\">\r\n                            <a href=\"https:\/\/alphabau-ing.de\/en\/bauvorhaben\/renovierung\/\"><img decoding=\"async\" src=\"https:\/\/alphabau-ing.de\/wp-content\/uploads\/2025\/02\/pexels-reneterp-3990359-1024x683.jpg\" alt=\"Renovierung\"><\/a>\r\n                        <\/div>\r\n                        <div class=\"child-page-content\">\r\n                            <h2><a href=\"https:\/\/alphabau-ing.de\/en\/bauvorhaben\/renovierung\/\">Renovation<\/a><\/h2>\r\n                            <p>Renovierung f\u00fcr neuen Glanz! Wir modernisieren Wohn- & Gewerber\u00e4ume \u2013 inkl. Wand- und Bodenrenovierung, Elektro- & Sanit\u00e4rsanierung. Effizient, stilvoll &...<\/p>\r\n                            <span class=\"child-page-meta\">ALPHABAU TEAM \/ January 30, 2025<\/span>\r\n                        <\/div>\r\n                    <\/div><div class=\"child-page-item\">\r\n                        <div class=\"child-page-image\">\r\n                            <a href=\"https:\/\/alphabau-ing.de\/en\/bauvorhaben\/sanierung\/\"><img decoding=\"async\" src=\"https:\/\/alphabau-ing.de\/wp-content\/uploads\/2025\/02\/pexels-monica-4756489-1024x768.jpg\" alt=\"Sanierung\"><\/a>\r\n                        <\/div>\r\n                        <div class=\"child-page-content\">\r\n                            <h2><a href=\"https:\/\/alphabau-ing.de\/en\/bauvorhaben\/sanierung\/\">Rehabilitation<\/a><\/h2>\r\n                            <p>Sanierung mit Experten ! Wir modernisieren und erhalten Ihr Geb\u00e4ude \u2013 inkl. Standsicherheitsnachweisen, Brandschutz, Energieeffizienz und Denkmalpflege. Jetzt beraten lassen...<\/p>\r\n                            <span class=\"child-page-meta\">ALPHABAU TEAM \/ January 30, 2025<\/span>\r\n                        <\/div>\r\n                    <\/div><div class=\"child-page-item\">\r\n                        <div class=\"child-page-image\">\r\n                            <a href=\"https:\/\/alphabau-ing.de\/en\/bauvorhaben\/nutzungsaenderung\/\"><img decoding=\"async\" src=\"https:\/\/alphabau-ing.de\/wp-content\/uploads\/2025\/02\/Nutzungsaenderung-Seite_-Bild-1-683x1024.jpg\" alt=\"Nutzungs\u00e4nderung\"><\/a>\r\n                        <\/div>\r\n                        <div class=\"child-page-content\">\r\n                            <h2><a href=\"https:\/\/alphabau-ing.de\/en\/bauvorhaben\/nutzungsaenderung\/\">Change of Use<\/a><\/h2>\r\n                            <p>Neue Nutzung, neue M\u00f6glichkeiten! Wir planen und realisieren Ihre Nutzungs\u00e4nderung \u2013 inkl. Tragwerksplanung, Genehmigungen & baurechtlicher Pr\u00fcfung. Effizient, sicher und...<\/p>\r\n                            <span class=\"child-page-meta\">ALPHABAU TEAM \/ January 30, 2025<\/span>\r\n                        <\/div>\r\n                    <\/div><div class=\"child-page-item\">\r\n                        <div class=\"child-page-image\">\r\n                            <a href=\"https:\/\/alphabau-ing.de\/en\/bauvorhaben\/dachausbau-umbau\/\"><img decoding=\"async\" src=\"https:\/\/alphabau-ing.de\/wp-content\/uploads\/2025\/02\/pexels-pixabay-164558-1024x671.jpg\" alt=\"Dachausbau\/-umbau\"><\/a>\r\n                        <\/div>\r\n                        <div class=\"child-page-content\">\r\n                            <h2><a href=\"https:\/\/alphabau-ing.de\/en\/bauvorhaben\/dachausbau-umbau\/\">Attic Conversion \/ Renovation<\/a><\/h2>\r\n                            <p>Mehr Wohnraum unter dem Dach! Wir planen & realisieren Ihren Dachausbau \u2013 statisch gepr\u00fcft, lichtoptimiert & energieeffizient. Perfekte Raumnutzung ohne...<\/p>\r\n                            <span class=\"child-page-meta\">ALPHABAU TEAM \/ January 30, 2025<\/span>\r\n                        <\/div>\r\n                    <\/div><div class=\"child-page-item\">\r\n                        <div class=\"child-page-image\">\r\n                            <a href=\"https:\/\/alphabau-ing.de\/en\/bauvorhaben\/aufstockung\/\"><img decoding=\"async\" src=\"https:\/\/alphabau-ing.de\/wp-content\/uploads\/2025\/02\/pexels-vip-foto-8491085-1024x683.jpg\" alt=\"Aufstockung\"><\/a>\r\n                        <\/div>\r\n                        <div class=\"child-page-content\">\r\n                            <h2><a href=\"https:\/\/alphabau-ing.de\/en\/bauvorhaben\/aufstockung\/\">Building Elevation<\/a><\/h2>\r\n                            <p>Mehr Platz durch Aufstockung! Erweitern Sie Ihr Geb\u00e4ude um eine Etage \u2013 effizient, statisch gepr\u00fcft & baurechtlich konform. Wir \u00fcbernehmen...<\/p>\r\n                            <span class=\"child-page-meta\">ALPHABAU TEAM \/ January 30, 2025<\/span>\r\n                        <\/div>\r\n                    <\/div><div class=\"child-page-item\">\r\n                        <div class=\"child-page-image\">\r\n                            <a href=\"https:\/\/alphabau-ing.de\/en\/bauvorhaben\/durchbruch\/\"><img decoding=\"async\" src=\"https:\/\/alphabau-ing.de\/wp-content\/uploads\/2025\/02\/Durchbruch-Seite_-Bild-2-1024x683.jpg\" alt=\"Durchbruch\"><\/a>\r\n                        <\/div>\r\n                        <div class=\"child-page-content\">\r\n                            <h2><a href=\"https:\/\/alphabau-ing.de\/en\/bauvorhaben\/durchbruch\/\">Wall Openings<\/a><\/h2>\r\n                            <p>Mehr Raum & Licht mit einem professionellen Durchbruch! Wir realisieren Wand- & Deckendurchbr\u00fcche f\u00fcr T\u00fcren, Fenster & tragende W\u00e4nde \u2013...<\/p>\r\n                            <span class=\"child-page-meta\">ALPHABAU TEAM \/ January 30, 2025<\/span>\r\n                        <\/div>\r\n                    <\/div><div class=\"child-page-item\">\r\n                        <div class=\"child-page-image\">\r\n                            <a href=\"https:\/\/alphabau-ing.de\/en\/bauvorhaben\/anbau\/\"><img decoding=\"async\" src=\"https:\/\/alphabau-ing.de\/wp-content\/uploads\/2025\/02\/Anbau-Seite_-Bild-1-1024x683.jpg\" alt=\"Anbau\"><\/a>\r\n                        <\/div>\r\n                        <div class=\"child-page-content\">\r\n                            <h2><a href=\"https:\/\/alphabau-ing.de\/en\/bauvorhaben\/anbau\/\">Extension<\/a><\/h2>\r\n                            <p>Mehr Platz ohne Umzug! Wir planen & realisieren Anbauten f\u00fcr Wohn- & Gewerbegeb\u00e4ude \u2013 funktional, \u00e4sthetisch & nachhaltig. Perfekte Integration...<\/p>\r\n                            <span class=\"child-page-meta\">ALPHABAU TEAM \/ January 30, 2025<\/span>\r\n                        <\/div>\r\n                    <\/div><div class=\"child-page-item\">\r\n                        <div class=\"child-page-image\">\r\n                            <a href=\"https:\/\/alphabau-ing.de\/en\/bauvorhaben\/neubau\/\"><img decoding=\"async\" src=\"https:\/\/alphabau-ing.de\/wp-content\/uploads\/2025\/02\/Neubau-Seite_-Bild-1-1024x683.jpg\" alt=\"Neubau\"><\/a>\r\n                        <\/div>\r\n                        <div class=\"child-page-content\">\r\n                            <h2><a href=\"https:\/\/alphabau-ing.de\/en\/bauvorhaben\/neubau\/\">New Construction<\/a><\/h2>\r\n                            <p>Ihr Neubau \u2013 professionell geplant & nachhaltig realisiert! Wir bieten Ingenieur- & Architekturleistungen f\u00fcr Stahl-, Holz- & Massivbau mit h\u00f6chster...<\/p>\r\n                            <span class=\"child-page-meta\">ALPHABAU TEAM \/ January 30, 2025<\/span>\r\n                        <\/div>\r\n                    <\/div><\/div><\/div>\n\t\t\t\t\t\t<\/div>\n\t\t\t\t<\/div>\n\t\t\t\t\t<\/div>\n\t\t\t\t<\/div>\n\t\t\t\t<\/div>","protected":false},"excerpt":{"rendered":"<p>Bauvorhaben professionell realisieren! Wir bieten Expertenl\u00f6sungen f\u00fcr Neubau, Umbau, Sanierung, Anbau &#038; mehr \u2013 effizient, nachhaltig und pr\u00e4zise geplant. Jetzt informieren!<\/p>","protected":false},"author":1,"featured_media":0,"parent":0,"menu_order":0,"comment_status":"closed","ping_status":"closed","template":"","meta":{"footnotes":""},"class_list":["post-718","page","type-page","status-publish","hentry"],"blocksy_meta":[],"_links":{"self":[{"href":"https:\/\/alphabau-ing.de\/en\/wp-json\/wp\/v2\/pages\/718","targetHints":{"allow":["GET"]}}],"collection":[{"href":"https:\/\/alphabau-ing.de\/en\/wp-json\/wp\/v2\/pages"}],"about":[{"href":"https:\/\/alphabau-ing.de\/en\/wp-json\/wp\/v2\/types\/page"}],"author":[{"embeddable":true,"href":"https:\/\/alphabau-ing.de\/en\/wp-json\/wp\/v2\/users\/1"}],"replies":[{"embeddable":true,"href":"https:\/\/alphabau-ing.de\/en\/wp-json\/wp\/v2\/comments?post=718"}],"version-history":[{"count":5,"href":"https:\/\/alphabau-ing.de\/en\/wp-json\/wp\/v2\/pages\/718\/revisions"}],"predecessor-version":[{"id":3359,"href":"https:\/\/alphabau-ing.de\/en\/wp-json\/wp\/v2\/pages\/718\/revisions\/3359"}],"wp:attachment":[{"href":"https:\/\/alphabau-ing.de\/en\/wp-json\/wp\/v2\/media?parent=718"}],"curies":[{"name":"wp","href":"https:\/\/api.w.org\/{rel}","templated":true}]}}