{"id":2311,"date":"2025-02-14T23:51:58","date_gmt":"2025-02-14T23:51:58","guid":{"rendered":"https:\/\/alphabau-ing.de\/?page_id=2311"},"modified":"2025-05-26T12:57:54","modified_gmt":"2025-05-26T12:57:54","slug":"agb","status":"publish","type":"page","link":"https:\/\/alphabau-ing.de\/en\/unternehmen\/agb\/","title":{"rendered":"AGB"},"content":{"rendered":"<div data-elementor-type=\"wp-page\" data-elementor-id=\"2311\" class=\"elementor elementor-2311\">\n\t\t\t\t\t\t<section class=\"elementor-section elementor-top-section elementor-element elementor-element-0717564 ct-section-stretched elementor-section-height-min-height elementor-section-boxed elementor-section-height-default elementor-section-items-middle\" data-id=\"0717564\" data-element_type=\"section\" data-e-type=\"section\" data-settings=\"{&quot;background_background&quot;:&quot;classic&quot;}\">\n\t\t\t\t\t\t<div class=\"elementor-container elementor-column-gap-default\">\n\t\t\t\t\t<div class=\"elementor-column elementor-col-100 elementor-top-column elementor-element elementor-element-fd58751\" data-id=\"fd58751\" data-element_type=\"column\" data-e-type=\"column\">\n\t\t\t<div class=\"elementor-widget-wrap elementor-element-populated\">\n\t\t\t\t\t\t<div class=\"elementor-element elementor-element-be03177 alpha-hyphen elementor-widget elementor-widget-heading\" data-id=\"be03177\" data-element_type=\"widget\" data-e-type=\"widget\" data-widget_type=\"heading.default\">\n\t\t\t\t<div class=\"elementor-widget-container\">\n\t\t\t\t\t<h2 class=\"elementor-heading-title elementor-size-default\">AGB<\/h2>\t\t\t\t<\/div>\n\t\t\t\t<\/div>\n\t\t\t\t\t<\/div>\n\t\t<\/div>\n\t\t\t\t\t<\/div>\n\t\t<\/section>\n\t\t<div class=\"elementor-element elementor-element-33bf187 e-flex e-con-boxed e-con e-parent\" data-id=\"33bf187\" data-element_type=\"container\" data-e-type=\"container\" data-settings=\"{&quot;background_background&quot;:&quot;classic&quot;}\">\n\t\t\t\t\t<div class=\"e-con-inner\">\n\t\t<div class=\"elementor-element elementor-element-aeeecaa e-con-full e-flex e-con e-child\" data-id=\"aeeecaa\" data-element_type=\"container\" data-e-type=\"container\">\n\t\t\t\t<div class=\"elementor-element elementor-element-f9f1f2c elementor-widget elementor-widget-heading\" data-id=\"f9f1f2c\" data-element_type=\"widget\" data-e-type=\"widget\" data-widget_type=\"heading.default\">\n\t\t\t\t<div class=\"elementor-widget-container\">\n\t\t\t\t\t<h2 class=\"elementor-heading-title elementor-size-default\">Allgemeine Gesch\u00e4ftsbedingungen (AGB) der Alphabau Engineering<\/h2>\t\t\t\t<\/div>\n\t\t\t\t<\/div>\n\t\t\t\t<div class=\"elementor-element elementor-element-5b46c81 elementor-widget-divider--view-line elementor-widget elementor-widget-divider\" data-id=\"5b46c81\" data-element_type=\"widget\" data-e-type=\"widget\" data-widget_type=\"divider.default\">\n\t\t\t\t<div class=\"elementor-widget-container\">\n\t\t\t\t\t\t\t<div class=\"elementor-divider\">\n\t\t\t<span class=\"elementor-divider-separator\">\n\t\t\t\t\t\t<\/span>\n\t\t<\/div>\n\t\t\t\t\t\t<\/div>\n\t\t\t\t<\/div>\n\t\t\t\t<div class=\"elementor-element elementor-element-d749a0e elementor-widget elementor-widget-text-editor\" data-id=\"d749a0e\" data-element_type=\"widget\" data-e-type=\"widget\" data-widget_type=\"text-editor.default\">\n\t\t\t\t<div class=\"elementor-widget-container\">\n\t\t\t\t\t\t\t\t\t<p>1. <b>Geltungsbereich<\/b><br \/>\u00a0 1.1<br \/>Diese Allgemeinen Gesch\u00e4ftsbedingungen (nachfolgend \u201eAGB\u201c) regeln die Vertragsbeziehung zwischen der Alphabau Engineering (nachfolgend \u201eUnternehmen\u201c) und ihren Auftraggebern (nachfolgend \u201eKunde\u201c). Sie gelten f\u00fcr s\u00e4mtliche vom Unternehmen angebotenen und erbrachten Leistungen, insbesondere im Bereich der Tragwerksplanung, Bauleitung, Bau\u00fcberwachung sowie der kooperativ durchgef\u00fchrten Bauleistungen wie Architekturplanung, Bauausf\u00fchrung (Neubau, Umbau, Anbau, Sanierung, Renovierung), Bodengutachten, sowie sonstige baubezogene Dienstleistungen mit Partnerunternehmen.<br \/>\u00a0 1.2<br \/>Das Unternehmen f\u00fchrt Ingenieurleistungen im Bereich der Tragwerksplanung, Bau\u00fcberwachung sowie Bauleitungen eigenst\u00e4ndig durch. Weitere Leistungen wie Architekturplanung, Bauausf\u00fchrung (Neubau, Umbau, Anbau, Sanierung, Renovierung), Bodengutachten, Baubetreuung sowie sonstige baubezogene Dienstleistungen werden im Rahmen einer fachlich qualifizierten, kooperativen und projektbezogenen Zusammenarbeit mit Partnerunternehmen realisiert. <br \/>\u00a0 1.3<br \/>Diese AGB gelten ausschlie\u00dflich. Abweichende, entgegenstehende oder erg\u00e4nzende Bedingungen des Kunden werden nur dann Vertragsbestandteil, wenn das Unternehmen diesen ausdr\u00fccklich schriftlich zustimmt.<br \/>\u00a0 1.4<br \/>Die jeweils aktuelle Fassung dieser AGB ist auf der Website des Unternehmens abrufbar und wird dem Kunden auf Wunsch zur Verf\u00fcgung gestellt. \u00c4nderungen werden dem Kunden rechtzeitig mitgeteilt und gelten f\u00fcr zuk\u00fcnftige Vertragsverh\u00e4ltnisse.<br \/>________________________________________<br \/>2. <b>Leistungsumfang<\/b><br \/>\u00a0 2.1<br \/>Das Unternehmen erbringt eigenst\u00e4ndig Tragwerksplanungsleistungen durch qualifizierte Tragwerksplaner unter Einhaltung aller relevanten gesetzlichen, normativen und technischen Vorschriften. Zum Leistungsumfang geh\u00f6ren insbesondere statische Berechnungen, die Erstellung von Konstruktionspl\u00e4nen und die Bemessung von Tragwerken f\u00fcr Hoch- und Tiefbauprojekte.<br \/>\u00a0 2.2<br \/>Dar\u00fcber hinaus werden durch projektbezogene Kooperationen mit qualifizierten Partnerunternehmen zus\u00e4tzliche Leistungen realisiert, darunter insbesondere:<br \/>\u2022 Architekturleistungen<br \/>\u2022 Bauausf\u00fchrung (Neubau, Umbau, Anbau, Sanierung, Renovierung)<br \/>\u2022 Erstellung von Bodengutachten<br \/>\u2022 Innenarchitektur &amp; Interiordesign<br \/>\u00a0 2.3<br \/>Das Unternehmen stellt sicher, dass alle kooperierenden Partnerunternehmen \u00fcber die erforderliche Fachkunde und Qualifikation verf\u00fcgen und ihre Leistungen entsprechend den geltenden gesetzlichen und technischen Regelwerken erbringen. Ziel ist es, dem Kunden ein wirtschaftlich optimiertes und qualitativ hochwertiges Leistungsangebot zu gew\u00e4hrleisten.<br \/>________________________________________<br \/>3. <b>Kooperative Projektabwicklung<\/b><br \/>\u00a0 3.1<br \/>Kommt es zur Beauftragung weiterer Bauleistungen \u00fcber das Unternehmen, werden diese im Rahmen einer kooperativen Projektbearbeitung mit den Partnerunternehmen realisiert. <br \/>\u00a0 3.2<br \/>Alle Leistungen erfolgen auf Basis direkter oder koordinierter Zusammenarbeit mit den jeweiligen qualifizierten Partnerunternehmen.<br \/>________________________________________<br \/>4. <b>Haftung<\/b><br \/>\u00a0 4.1<br \/>Das Unternehmen haftet im Rahmen der gesetzlichen Bestimmungen f\u00fcr eigene Leistungen. F\u00fcr Leistungen, die im Rahmen der Kooperation durch Partnerunternehmen erbracht werden, liegt die Verantwortung f\u00fcr deren Ausf\u00fchrung, Qualit\u00e4t und Rechtm\u00e4\u00dfigkeit bei dem jeweiligen Partnerunternehmen.<br \/>\u00a0 4.2<br \/>F\u00fcr Sch\u00e4den, die durch leichte Fahrl\u00e4ssigkeit verursacht wurden, haftet das Unternehmen nur bei Verletzung wesentlicher Vertragspflichten (Kardinalpflichten), und zwar begrenzt auf den bei Vertragsschluss vorhersehbaren, vertragstypischen Schaden.<br \/>________________________________________<br \/>5. <b>Zahlungsbedingungen<\/b><br \/>\u00a0 5.1<br \/>Verg\u00fctungen f\u00fcr Leistungen des Unternehmens werden direkt zwischen Kunde und Unternehmen gem\u00e4\u00df der individuell getroffenen vertraglichen Vereinbarungen abgerechnet.<br \/>\u00a0 5.2<br \/>Verg\u00fctungen f\u00fcr Leistungen von kooperierenden Partnerunternehmen erfolgen entweder separat durch direkte Abrechnung zwischen Kunde und Partner oder \u00fcber das Unternehmen, soweit dies vertraglich vereinbart wurde.<br \/>________________________________________<\/p><p>6. <b>Vertragsbeendigung<\/b><br \/>\u00a0 6.1<br \/>Vertragsverh\u00e4ltnisse mit dem Unternehmen k\u00f6nnen gem\u00e4\u00df den individuell getroffenen Vereinbarungen gek\u00fcndigt werden, sofern keine anderslautenden Regelungen getroffen wurden.<br \/>\u00a0 6.2<br \/>Die Abwicklung und Beendigung von vertraglichen Beziehungen zu kooperierenden Partnerunternehmen unterliegt den jeweiligen individuellen Vereinbarungen zwischen dem Kunden und dem Partnerunternehmen, sofern das Unternehmen nicht selbst Vertragspartner ist.<br \/>________________________________________<br \/>7. <b>Schlussbestimmungen<\/b><br \/>\u00a0 7.1<br \/>F\u00fcr s\u00e4mtliche Rechtsverh\u00e4ltnisse gilt das Recht der Bundesrepublik Deutschland. Gerichtsstand ist der Sitz des Unternehmens, sofern der Kunde Kaufmann oder eine juristische Person des \u00f6ffentlichen Rechts ist.<br \/>\u00a0 7.2<br \/>Sollten einzelne Bestimmungen dieser AGB ganz oder teilweise unwirksam sein oder werden, so bleibt die Wirksamkeit der \u00fcbrigen Bestimmungen unber\u00fchrt. Die unwirksame Regelung wird durch eine solche ersetzt, die dem wirtschaftlichen Zweck der urspr\u00fcnglichen Regelung am n\u00e4chsten kommt.<\/p>\t\t\t\t\t\t\t\t<\/div>\n\t\t\t\t<\/div>\n\t\t\t\t<\/div>\n\t\t\t\t\t<\/div>\n\t\t\t\t<\/div>\n\t\t\t\t<\/div>","protected":false},"excerpt":{"rendered":"<p>AGB von Alphabau Engineering \u2013 Alle Vertragsbedingungen zu unseren Bau- und Planungsleistungen, Haftung, Zahlungsbedingungen &#038; Vermittlungsprozessen. Jetzt einsehen!<\/p>","protected":false},"author":1,"featured_media":609,"parent":1020,"menu_order":0,"comment_status":"closed","ping_status":"closed","template":"","meta":{"footnotes":""},"class_list":["post-2311","page","type-page","status-publish","has-post-thumbnail","hentry"],"blocksy_meta":{"page_title_panel":"","has_hero_section":"disabled","8dde94b88eca81613eaf41e6e63df8f3":"","hero_section":"type-1","hero_elements":[{"id":"custom_title","enabled":true},{"id":"breadcrumbs","enabled":false},{"id":"custom_description","enabled":true,"description_visibility":{"desktop":true,"tablet":true,"mobile":false}},{"id":"custom_meta","enabled":true,"single_meta_elements":{"author":false,"date":false,"categories":false,"comments":false,"updated":false,"tags":false},"page_meta_elements":{"joined":true,"articles_count":true,"comments":true}}],"b57ca4d32122654dfac08b0b6ccf6716":"","hero_alignment1":"left","hero_alignment2":"center","hero_height":"230px","page_title_bg_type":"color","custom_hero_background":{"attachment_id":null},"parallax":{"desktop":false,"tablet":false,"mobile":false},"pageTitleFont":{"family":"Default","variation":"Default","size":{"desktop":"32px","tablet":"30px","mobile":"25px"},"line-height":"1.3","letter-spacing":"CT_CSS_SKIP_RULE","text-transform":"CT_CSS_SKIP_RULE","text-decoration":"CT_CSS_SKIP_RULE"},"pageTitleFontColor":{"default":{"color":"CT_CSS_SKIP_RULEDEFAULT"}},"pageMetaFont":{"family":"Default","variation":"n6","size":{"desktop":"12px","tablet":"12px","mobile":"12px"},"line-height":"1.3","letter-spacing":"CT_CSS_SKIP_RULE","text-transform":"uppercase","text-decoration":"CT_CSS_SKIP_RULE"},"pageMetaFontColor":{"default":{"color":"CT_CSS_SKIP_RULEDEFAULT"},"hover":{"color":"CT_CSS_SKIP_RULEDEFAULT"}},"pageExcerptFont":{"family":"Default","variation":"n5","size":"CT_CSS_SKIP_RULE","line-height":"CT_CSS_SKIP_RULE","letter-spacing":"CT_CSS_SKIP_RULE","text-transform":"CT_CSS_SKIP_RULE","text-decoration":"CT_CSS_SKIP_RULE"},"pageExcerptColor":{"default":{"color":"CT_CSS_SKIP_RULEDEFAULT"}},"breadcrumbsFont":{"family":"Default","variation":"n6","size":"12px","line-height":"CT_CSS_SKIP_RULE","letter-spacing":"CT_CSS_SKIP_RULE","text-transform":"uppercase","text-decoration":"CT_CSS_SKIP_RULE"},"breadcrumbsFontColor":{"default":{"color":"CT_CSS_SKIP_RULEDEFAULT"},"initial":{"color":"CT_CSS_SKIP_RULEDEFAULT"},"hover":{"color":"CT_CSS_SKIP_RULEDEFAULT"}},"pageTitleOverlay":{"default":{"color":"rgba(41, 51, 60, 0.2)"}},"pageTitleBackground":{"background_type":"color","background_pattern":"type-1","background_image":{"attachment_id":null,"x":0,"y":0},"background_repeat":"no-repeat","background_size":"auto","background_attachment":"scroll","patternColor":{"default":{"color":"#e5e7ea"}},"backgroundColor":{"default":{"color":"#EDEFF2"}}},"30bd3d82d44c93ff512d385983934a8d":"","page_structure_type":"default","page_enable_vertical_spacing":"no","918019aae6b81bb57706ceeb2d06236b":"","disable_featured_image":"no","73fc40c930f9a5400d833b8700298f2f":"","d36a9c10c230eaf6c86b3a0408a49909":"","hero_structure":"narrow","9858ffa93290afa8ac31a0a3802db0eb":"","content_style":"inherit","vertical_spacing_source":"custom","content_area_spacing":"none","background":{"background_type":"color","background_pattern":"type-1","background_image":{"attachment_id":null,"x":0,"y":0},"background_repeat":"no-repeat","background_size":"auto","background_attachment":"scroll","patternColor":{"default":{"color":"#e5e7ea"}},"backgroundColor":{"default":{"color":"CT_CSS_SKIP_RULE"}}},"content_background":{"background_type":"color","background_pattern":"type-1","background_image":{"attachment_id":null,"x":0,"y":0},"background_repeat":"no-repeat","background_size":"auto","background_attachment":"scroll","patternColor":{"default":{"color":"#e5e7ea"}},"backgroundColor":{"default":{"color":"#ffffff"}}},"content_boxed_spacing":{"desktop":"40px","tablet":"35px","mobile":"20px"},"content_boxed_radius":{"top":"3px","bottom":"3px","left":"3px","right":"3px","linked":true},"content_boxed_shadow":{"blur":18,"spread":-6,"v_offset":12,"h_offset":0,"inset":false,"enable":true,"color":{"color":"rgba(34, 56, 101, 0.04)"}},"c7e3411feaaade2bd72c8d8c1b2029c1":"","styles_descriptor":{"styles":{"desktop":"","tablet":"","mobile":""},"google_fonts":[],"version":6}},"_links":{"self":[{"href":"https:\/\/alphabau-ing.de\/en\/wp-json\/wp\/v2\/pages\/2311","targetHints":{"allow":["GET"]}}],"collection":[{"href":"https:\/\/alphabau-ing.de\/en\/wp-json\/wp\/v2\/pages"}],"about":[{"href":"https:\/\/alphabau-ing.de\/en\/wp-json\/wp\/v2\/types\/page"}],"author":[{"embeddable":true,"href":"https:\/\/alphabau-ing.de\/en\/wp-json\/wp\/v2\/users\/1"}],"replies":[{"embeddable":true,"href":"https:\/\/alphabau-ing.de\/en\/wp-json\/wp\/v2\/comments?post=2311"}],"version-history":[{"count":20,"href":"https:\/\/alphabau-ing.de\/en\/wp-json\/wp\/v2\/pages\/2311\/revisions"}],"predecessor-version":[{"id":5253,"href":"https:\/\/alphabau-ing.de\/en\/wp-json\/wp\/v2\/pages\/2311\/revisions\/5253"}],"up":[{"embeddable":true,"href":"https:\/\/alphabau-ing.de\/en\/wp-json\/wp\/v2\/pages\/1020"}],"wp:featuredmedia":[{"embeddable":true,"href":"https:\/\/alphabau-ing.de\/en\/wp-json\/wp\/v2\/media\/609"}],"wp:attachment":[{"href":"https:\/\/alphabau-ing.de\/en\/wp-json\/wp\/v2\/media?parent=2311"}],"curies":[{"name":"wp","href":"https:\/\/api.w.org\/{rel}","templated":true}]}}