{"id":1020,"date":"2025-01-31T18:26:32","date_gmt":"2025-01-31T18:26:32","guid":{"rendered":"https:\/\/alphabau-ing.de\/?page_id=1020"},"modified":"2025-02-27T11:06:13","modified_gmt":"2025-02-27T11:06:13","slug":"unternehmen","status":"publish","type":"page","link":"https:\/\/alphabau-ing.de\/en\/unternehmen\/","title":{"rendered":"Company"},"content":{"rendered":"<div data-elementor-type=\"wp-page\" data-elementor-id=\"1020\" class=\"elementor elementor-1020\">\n\t\t\t\t<div class=\"elementor-element elementor-element-d07dcbe e-flex e-con-boxed e-con e-parent\" data-id=\"d07dcbe\" data-element_type=\"container\" data-e-type=\"container\">\n\t\t\t\t\t<div class=\"e-con-inner\">\n\t\t\t\t<div class=\"elementor-element elementor-element-f687e0b elementor-widget elementor-widget-html\" data-id=\"f687e0b\" data-element_type=\"widget\" data-e-type=\"widget\" data-widget_type=\"html.default\">\n\t\t\t\t<div class=\"elementor-widget-container\">\n\t\t\t\t\t<style>\n.child-pages-container {\n    display: flex;\n    flex-direction: column;\n    gap: 40px;\n}\n\n.child-page-item {\n    display: flex;\n    align-items: center;\n    gap: 20px;\n    background: #f9f9f9;\n    padding: 20px;\n    border-radius: 12px;\n    box-shadow: 0 4px 10px rgba(0, 0, 0, 0.1);\n}\n\n.child-page-image {\n    flex: 1;\n}\n\n.child-page-image img {\n    width: 100%;\n    height: auto;\n    border-radius: 12px;\n    box-shadow: 0px 0px 70px -29px var(--theme-palette-color-2);;\n}\n\n.child-page-content {\n    flex: 1;\n    text-align: center;\n}\n\n.child-page-content h2 {\n    font-size: 36px;\n    margin-bottom: 10px;\n}\n\n.child-page-content p {\n    font-size: var(--theme-font-size);;\n    color: #555;\n}\n\n.child-page-meta {\n    display: none !important;\n    font-size: 14px;\n    color: #777;\n    margin-top: 10px;\n    display: block;\n}\n\n<\/style>\t\t\t\t<\/div>\n\t\t\t\t<\/div>\n\t\t\t\t<div class=\"elementor-element elementor-element-1b9e167 elementor-widget elementor-widget-shortcode\" data-id=\"1b9e167\" data-element_type=\"widget\" data-e-type=\"widget\" data-widget_type=\"shortcode.default\">\n\t\t\t\t<div class=\"elementor-widget-container\">\n\t\t\t\t\t\t\t<div class=\"elementor-shortcode\"><div class=\"child-pages-container\"><div class=\"child-page-item\">\r\n                        <div class=\"child-page-image\">\r\n                            <a href=\"https:\/\/alphabau-ing.de\/en\/unternehmen\/fachwissen\/\"><img decoding=\"async\" src=\"https:\/\/alphabau-ing.de\/wp-content\/uploads\/2025\/03\/907_Comp-1024x694.jpg\" alt=\"Fachwissen\"><\/a>\r\n                        <\/div>\r\n                        <div class=\"child-page-content\">\r\n                            <h2><a href=\"https:\/\/alphabau-ing.de\/en\/unternehmen\/fachwissen\/\">Fachwissen<\/a><\/h2>\r\n                            <p>Kostenlose Rechenprogramme & Fachwissen f\u00fcr Bauwesen: Statik, W\u00e4rmeschutz, Schallschutz & mehr. Ideal f\u00fcr Bauingenieure, Architekten & Planer.<\/p>\r\n                            <span class=\"child-page-meta\">ALPHABAU TEAM \/ March 18, 2025<\/span>\r\n                        <\/div>\r\n                    <\/div><div class=\"child-page-item\">\r\n                        <div class=\"child-page-image\">\r\n                            <a href=\"https:\/\/alphabau-ing.de\/en\/unternehmen\/datenschutzerklarung\/\"><img decoding=\"async\" src=\"https:\/\/alphabau-ing.de\/wp-content\/uploads\/2025\/01\/Alphanau-Engineering-F-PNG-GRAY-512px.png\" alt=\"Datenschutzerkla\u0308rung\"><\/a>\r\n                        <\/div>\r\n                        <div class=\"child-page-content\">\r\n                            <h2><a href=\"https:\/\/alphabau-ing.de\/en\/unternehmen\/datenschutzerklarung\/\">Datenschutzerkla\u0308rung<\/a><\/h2>\r\n                            <p>Massa sed elementum tempus egestas sed sed risus. Risus at ultrices mi tempus imperdiet nulla malesuada pellentesque elit.<\/p>\r\n                            <span class=\"child-page-meta\">ALPHABAU TEAM \/ February 25, 2025<\/span>\r\n                        <\/div>\r\n                    <\/div><div class=\"child-page-item\">\r\n                        <div class=\"child-page-image\">\r\n                            <a href=\"https:\/\/alphabau-ing.de\/en\/unternehmen\/impressum\/\"><img decoding=\"async\" src=\"https:\/\/alphabau-ing.de\/wp-content\/uploads\/2025\/01\/Alphanau-Engineering-F-PNG-GRAY-512px.png\" alt=\"Impressum\"><\/a>\r\n                        <\/div>\r\n                        <div class=\"child-page-content\">\r\n                            <h2><a href=\"https:\/\/alphabau-ing.de\/en\/unternehmen\/impressum\/\">Impressum<\/a><\/h2>\r\n                            <p>Impressum von Alphabau Engineering \u2013 Alle rechtlichen Angaben zu unserem Unternehmen, Kontaktinformationen & Haftungsausschluss gem\u00e4\u00df \u00a7 5 TMG. Jetzt einsehen!<\/p>\r\n                            <span class=\"child-page-meta\">ALPHABAU TEAM \/ February 15, 2025<\/span>\r\n                        <\/div>\r\n                    <\/div><div class=\"child-page-item\">\r\n                        <div class=\"child-page-image\">\r\n                            <a href=\"https:\/\/alphabau-ing.de\/en\/unternehmen\/agb\/\"><img decoding=\"async\" src=\"https:\/\/alphabau-ing.de\/wp-content\/uploads\/2025\/01\/Alphanau-Engineering-F-PNG-GRAY-512px.png\" alt=\"AGB\"><\/a>\r\n                        <\/div>\r\n                        <div class=\"child-page-content\">\r\n                            <h2><a href=\"https:\/\/alphabau-ing.de\/en\/unternehmen\/agb\/\">AGB<\/a><\/h2>\r\n                            <p>AGB von Alphabau Engineering \u2013 Alle Vertragsbedingungen zu unseren Bau- und Planungsleistungen, Haftung, Zahlungsbedingungen & Vermittlungsprozessen. Jetzt einsehen!<\/p>\r\n                            <span class=\"child-page-meta\">ALPHABAU TEAM \/ February 14, 2025<\/span>\r\n                        <\/div>\r\n                    <\/div><div class=\"child-page-item\">\r\n                        <div class=\"child-page-image\">\r\n                            <a href=\"https:\/\/alphabau-ing.de\/en\/unternehmen\/jobs\/\"><img decoding=\"async\" src=\"https:\/\/alphabau-ing.de\/wp-content\/uploads\/2025\/02\/Jobs-Seite_-Bild-1-1024x587.jpg\" alt=\"Jobs\"><\/a>\r\n                        <\/div>\r\n                        <div class=\"child-page-content\">\r\n                            <h2><a href=\"https:\/\/alphabau-ing.de\/en\/unternehmen\/jobs\/\">Jobs<\/a><\/h2>\r\n                            <p>Starte deine Karriere bei uns! Spannende Bauprojekte, innovative L\u00f6sungen & ein starkes Team erwarten dich. Jetzt bewerben & Teil eines...<\/p>\r\n                            <span class=\"child-page-meta\">ALPHABAU TEAM \/ January 31, 2025<\/span>\r\n                        <\/div>\r\n                    <\/div><div class=\"child-page-item\">\r\n                        <div class=\"child-page-image\">\r\n                            <a href=\"https:\/\/alphabau-ing.de\/en\/unternehmen\/beratung\/\"><img decoding=\"async\" src=\"https:\/\/alphabau-ing.de\/wp-content\/uploads\/2025\/02\/pexels-a-darmel-7641857-1024x683.jpg\" alt=\"Beratung\"><\/a>\r\n                        <\/div>\r\n                        <div class=\"child-page-content\">\r\n                            <h2><a href=\"https:\/\/alphabau-ing.de\/en\/unternehmen\/beratung\/\">Consultation<\/a><\/h2>\r\n                            <p>Individuelle Beratung f\u00fcr Ihr Bauprojekt! Wir entwickeln innovative, zukunftssichere und wirtschaftliche L\u00f6sungen in Architektur, Tragwerksplanung und Bauausf\u00fchrung. Jetzt unverbindlich beraten...<\/p>\r\n                            <span class=\"child-page-meta\">ALPHABAU TEAM \/ January 31, 2025<\/span>\r\n                        <\/div>\r\n                    <\/div><div class=\"child-page-item\">\r\n                        <div class=\"child-page-image\">\r\n                            <a href=\"https:\/\/alphabau-ing.de\/en\/unternehmen\/partner-werden\/\"><img decoding=\"async\" src=\"https:\/\/alphabau-ing.de\/wp-content\/uploads\/2025\/02\/pexels-fauxels-3184465-1024x683.jpg\" alt=\"Partner werden\"><\/a>\r\n                        <\/div>\r\n                        <div class=\"child-page-content\">\r\n                            <h2><a href=\"https:\/\/alphabau-ing.de\/en\/unternehmen\/partner-werden\/\">Become a Partner<\/a><\/h2>\r\n                            <p>Werden Sie unser Partner & wachsen Sie mit uns! Wir bieten deutschlandweite Bauprojekte, starke Netzwerke & langfristige Kooperationen. Gemeinsam erfolgreich...<\/p>\r\n                            <span class=\"child-page-meta\">ALPHABAU TEAM \/ January 31, 2025<\/span>\r\n                        <\/div>\r\n                    <\/div><div class=\"child-page-item\">\r\n                        <div class=\"child-page-image\">\r\n                            <a href=\"https:\/\/alphabau-ing.de\/en\/unternehmen\/ueber-uns\/\"><img decoding=\"async\" src=\"https:\/\/alphabau-ing.de\/wp-content\/uploads\/2025\/02\/pexels-energepic-com-27411-110469-1-1024x768.jpg\" alt=\"\u00dcber uns\"><\/a>\r\n                        <\/div>\r\n                        <div class=\"child-page-content\">\r\n                            <h2><a href=\"https:\/\/alphabau-ing.de\/en\/unternehmen\/ueber-uns\/\">About Us<\/a><\/h2>\r\n                            <p>Ihr Bauprojekt in besten H\u00e4nden! Wir vereinen Ingenieurwesen, Architektur & Bauausf\u00fchrung f\u00fcr ma\u00dfgeschneiderte, nachhaltige & effiziente L\u00f6sungen. Vertrauen Sie auf...<\/p>\r\n                            <span class=\"child-page-meta\">ALPHABAU TEAM \/ April 17, 2020<\/span>\r\n                        <\/div>\r\n                    <\/div><\/div><\/div>\n\t\t\t\t\t\t<\/div>\n\t\t\t\t<\/div>\n\t\t\t\t\t<\/div>\n\t\t\t\t<\/div>\n\t\t\t\t<\/div>","protected":false},"excerpt":{"rendered":"<p>Erfahren Sie mehr \u00fcber unser Unternehmen! Datenschutz, AGB, Jobs &#038; Partnerschaften \u2013 Expertise und Kompetenz in Bauplanung, Architektur und Beratung. Jetzt entdecken!<\/p>","protected":false},"author":1,"featured_media":0,"parent":0,"menu_order":0,"comment_status":"closed","ping_status":"closed","template":"","meta":{"footnotes":""},"class_list":["post-1020","page","type-page","status-publish","hentry"],"blocksy_meta":[],"_links":{"self":[{"href":"https:\/\/alphabau-ing.de\/en\/wp-json\/wp\/v2\/pages\/1020","targetHints":{"allow":["GET"]}}],"collection":[{"href":"https:\/\/alphabau-ing.de\/en\/wp-json\/wp\/v2\/pages"}],"about":[{"href":"https:\/\/alphabau-ing.de\/en\/wp-json\/wp\/v2\/types\/page"}],"author":[{"embeddable":true,"href":"https:\/\/alphabau-ing.de\/en\/wp-json\/wp\/v2\/users\/1"}],"replies":[{"embeddable":true,"href":"https:\/\/alphabau-ing.de\/en\/wp-json\/wp\/v2\/comments?post=1020"}],"version-history":[{"count":5,"href":"https:\/\/alphabau-ing.de\/en\/wp-json\/wp\/v2\/pages\/1020\/revisions"}],"predecessor-version":[{"id":3361,"href":"https:\/\/alphabau-ing.de\/en\/wp-json\/wp\/v2\/pages\/1020\/revisions\/3361"}],"wp:attachment":[{"href":"https:\/\/alphabau-ing.de\/en\/wp-json\/wp\/v2\/media?parent=1020"}],"curies":[{"name":"wp","href":"https:\/\/api.w.org\/{rel}","templated":true}]}}